{"id":514,"date":"2025-06-03T14:44:12","date_gmt":"2025-06-03T14:44:12","guid":{"rendered":"https:\/\/energysword.areaproject.hosting\/?page_id=514"},"modified":"2025-06-10T09:36:39","modified_gmt":"2025-06-10T09:36:39","slug":"privacidad","status":"publish","type":"page","link":"https:\/\/energyswordgroup.es\/en\/privacidad\/","title":{"rendered":"Pol\u00edtica de Privacidad"},"content":{"rendered":"<div data-elementor-type=\"wp-page\" data-elementor-id=\"514\" class=\"elementor elementor-514\" data-elementor-post-type=\"page\">\n\t\t\t\t<div class=\"elementor-element elementor-element-cb2b9de e-flex e-con-boxed e-con e-parent\" data-id=\"cb2b9de\" data-element_type=\"container\" data-e-type=\"container\" data-settings=\"{&quot;background_background&quot;:&quot;classic&quot;}\">\n\t\t\t\t\t<div class=\"e-con-inner\">\n\t\t\t\t\t<\/div>\n\t\t\t\t<\/div>\n\t\t<div class=\"elementor-element elementor-element-6471af1 e-flex e-con-boxed e-con e-parent\" data-id=\"6471af1\" data-element_type=\"container\" data-e-type=\"container\">\n\t\t\t\t\t<div class=\"e-con-inner\">\n\t\t\t\t<div class=\"elementor-element elementor-element-97913da elementor-widget elementor-widget-heading\" data-id=\"97913da\" data-element_type=\"widget\" data-e-type=\"widget\" data-widget_type=\"heading.default\">\n\t\t\t\t<div class=\"elementor-widget-container\">\n\t\t\t\t\t<h2 class=\"elementor-heading-title elementor-size-default\">Pol\u00edtica de privacidad<\/h2>\t\t\t\t<\/div>\n\t\t\t\t<\/div>\n\t\t\t\t<div class=\"elementor-element elementor-element-c427eee elementor-widget elementor-widget-text-editor\" data-id=\"c427eee\" data-element_type=\"widget\" data-e-type=\"widget\" data-widget_type=\"text-editor.default\">\n\t\t\t\t<div class=\"elementor-widget-container\">\n\t\t\t\t\t\t\t\t\t<p data-start=\"231\" data-end=\"264\"><strong data-start=\"231\" data-end=\"256\">\u00daltima actualizaci\u00f3n:<\/strong> 10\/06\/2025<\/p><p data-start=\"266\" data-end=\"467\">En Energy Sword SL, nos comprometemos a proteger tu privacidad. Esta pol\u00edtica explica c\u00f3mo recopilamos, usamos y protegemos tus datos personales cuando visitas nuestro sitio web https:\/\/energyswordgroup.es\/\u00a0<\/p><h3 data-start=\"469\" data-end=\"503\">1. Responsable del tratamiento<\/h3><p data-start=\"504\" data-end=\"621\"><strong data-start=\"504\" data-end=\"516\">Titular:<\/strong> Energy Sword, SL<br data-start=\"541\" data-end=\"544\" \/><strong data-start=\"544\" data-end=\"566\">Email de contacto:<\/strong> info@energyswordgroup.es<br data-start=\"574\" data-end=\"577\" \/><strong data-start=\"577\" data-end=\"591\">Direcci\u00f3n:<\/strong> Avda. Sinfoniano Madro\u00f1ero, 8 06011 Badajoz<\/p><hr data-start=\"623\" data-end=\"626\" \/><h3 data-start=\"628\" data-end=\"656\">2. Datos que recopilamos<\/h3><p data-start=\"658\" data-end=\"700\">Recopilamos los siguientes tipos de datos:<\/p><ul data-start=\"702\" data-end=\"959\"><li data-start=\"702\" data-end=\"763\"><p data-start=\"704\" data-end=\"763\"><strong data-start=\"704\" data-end=\"725\">Datos de contacto<\/strong> (nombre, email) mediante formularios.<\/p><\/li><li data-start=\"764\" data-end=\"860\"><p data-start=\"766\" data-end=\"860\"><strong data-start=\"766\" data-end=\"789\">Datos de navegaci\u00f3n<\/strong> (direcci\u00f3n IP, tipo de navegador, p\u00e1ginas visitadas) mediante cookies.<\/p><\/li><li data-start=\"861\" data-end=\"959\"><p data-start=\"863\" data-end=\"959\"><strong data-start=\"863\" data-end=\"881\">Datos t\u00e9cnicos<\/strong> por parte de servicios como Google Analytics (an\u00f3nimos, si as\u00ed se configura).<\/p><\/li><\/ul><hr data-start=\"961\" data-end=\"964\" \/><h3 data-start=\"966\" data-end=\"1000\">3. Finalidades del tratamiento<\/h3><p data-start=\"1002\" data-end=\"1024\">Usamos tus datos para:<\/p><ul data-start=\"1026\" data-end=\"1221\"><li data-start=\"1026\" data-end=\"1095\"><p data-start=\"1028\" data-end=\"1095\">Responder consultas realizadas a trav\u00e9s del formulario de contacto.<\/p><\/li><li data-start=\"1096\" data-end=\"1170\"><p data-start=\"1098\" data-end=\"1170\">Mejorar el funcionamiento del sitio mediante estad\u00edsticas de navegaci\u00f3n.<\/p><\/li><\/ul><hr data-start=\"1223\" data-end=\"1226\" \/><h3 data-start=\"1228\" data-end=\"1247\">4. Legitimaci\u00f3n<\/h3><p data-start=\"1249\" data-end=\"1284\">El tratamiento de datos se basa en:<\/p><ul data-start=\"1286\" data-end=\"1392\"><li data-start=\"1286\" data-end=\"1341\"><p data-start=\"1288\" data-end=\"1341\">Tu <strong data-start=\"1291\" data-end=\"1317\">consentimiento expreso<\/strong> (formularios, cookies).<\/p><\/li><li data-start=\"1342\" data-end=\"1392\"><p data-start=\"1344\" data-end=\"1392\">El <strong data-start=\"1347\" data-end=\"1367\">inter\u00e9s leg\u00edtimo<\/strong> de mejorar el sitio web.<\/p><\/li><\/ul><hr data-start=\"1394\" data-end=\"1397\" \/><h3 data-start=\"1399\" data-end=\"1419\">5. Destinatarios<\/h3><p data-start=\"1421\" data-end=\"1576\">No cedemos tus datos a terceros, salvo por obligaci\u00f3n legal o servicios t\u00e9cnicos que act\u00faan como <strong data-start=\"1518\" data-end=\"1548\">encargados del tratamiento<\/strong> (como el hosting o Google).<\/p><hr data-start=\"1578\" data-end=\"1581\" \/><h3 data-start=\"1583\" data-end=\"1598\">6. Derechos<\/h3><p data-start=\"1600\" data-end=\"1736\">Puedes ejercer los derechos de acceso, rectificaci\u00f3n, supresi\u00f3n, oposici\u00f3n, portabilidad y limitaci\u00f3n escribiendo a info@energyswordgroup.es<\/p><hr data-start=\"1738\" data-end=\"1741\" \/><h3 data-start=\"1743\" data-end=\"1757\">7. Cookies<\/h3><p data-start=\"1759\" data-end=\"1946\">Usamos cookies t\u00e9cnicas y de an\u00e1lisis. Puedes gestionar tu consentimiento desde el banner de cookies. Consulta nuestra<a href=\"https:\/\/energyswordgroup.es\/en\/cookies\/\"> Pol\u00edtica de Cookies<\/a> para m\u00e1s detalles.<\/p><hr data-start=\"1948\" data-end=\"1951\" \/><h3 data-start=\"1953\" data-end=\"1969\">8. Seguridad<\/h3><p data-start=\"1971\" data-end=\"2042\">Implementamos medidas t\u00e9cnicas y organizativas para proteger tus datos.<\/p><hr data-start=\"2044\" data-end=\"2047\" \/><h3 data-start=\"2049\" data-end=\"2080\">9. Cambios en esta pol\u00edtica<\/h3><p data-start=\"2082\" data-end=\"2209\">Nos reservamos el derecho de modificar esta pol\u00edtica. Se publicar\u00e1 la fecha de la \u00faltima actualizaci\u00f3n al inicio del documento.<\/p>\t\t\t\t\t\t\t\t<\/div>\n\t\t\t\t<\/div>\n\t\t\t\t\t<\/div>\n\t\t\t\t<\/div>\n\t\t\t\t<\/div>","protected":false},"excerpt":{"rendered":"<p>Pol\u00edtica de privacidad \u00daltima actualizaci\u00f3n: 10\/06\/2025 En Energy Sword SL, nos comprometemos a proteger tu privacidad. Esta pol\u00edtica explica c\u00f3mo recopilamos, usamos y protegemos tus datos personales cuando visitas nuestro sitio web https:\/\/energyswordgroup.es\/\u00a0 1. Responsable del tratamiento Titular: Energy Sword, SLEmail de contacto: info@energyswordgroup.esDirecci\u00f3n: Avda. Sinfoniano Madro\u00f1ero, 8 06011 Badajoz 2. Datos que recopilamos Recopilamos [&hellip;]<\/p>\n","protected":false},"author":1,"featured_media":0,"parent":0,"menu_order":0,"comment_status":"closed","ping_status":"closed","template":"","meta":{"footnotes":""},"class_list":["post-514","page","type-page","status-publish","hentry"],"_links":{"self":[{"href":"https:\/\/energyswordgroup.es\/en\/wp-json\/wp\/v2\/pages\/514","targetHints":{"allow":["GET"]}}],"collection":[{"href":"https:\/\/energyswordgroup.es\/en\/wp-json\/wp\/v2\/pages"}],"about":[{"href":"https:\/\/energyswordgroup.es\/en\/wp-json\/wp\/v2\/types\/page"}],"author":[{"embeddable":true,"href":"https:\/\/energyswordgroup.es\/en\/wp-json\/wp\/v2\/users\/1"}],"replies":[{"embeddable":true,"href":"https:\/\/energyswordgroup.es\/en\/wp-json\/wp\/v2\/comments?post=514"}],"version-history":[{"count":13,"href":"https:\/\/energyswordgroup.es\/en\/wp-json\/wp\/v2\/pages\/514\/revisions"}],"predecessor-version":[{"id":736,"href":"https:\/\/energyswordgroup.es\/en\/wp-json\/wp\/v2\/pages\/514\/revisions\/736"}],"wp:attachment":[{"href":"https:\/\/energyswordgroup.es\/en\/wp-json\/wp\/v2\/media?parent=514"}],"curies":[{"name":"wp","href":"https:\/\/api.w.org\/{rel}","templated":true}]}}